{"id":11,"date":"2017-09-12T07:44:32","date_gmt":"2017-09-12T07:44:32","guid":{"rendered":"https:\/\/artofkrsnak.hu\/?page_id=11"},"modified":"2021-12-01T12:36:28","modified_gmt":"2021-12-01T12:36:28","slug":"kezdooldal-szekcio","status":"publish","type":"page","link":"https:\/\/artofkrsnak.hu\/?page_id=11","title":{"rendered":"Alexandra Kr\u0161\u0148\u00e1kov\u00e1"},"content":{"rendered":"<ul class=\"wp-block-latest-posts__list wp-block-latest-posts\"><li><a class=\"wp-block-latest-posts__post-title\" href=\"https:\/\/artofkrsnak.hu\/?p=3510\">I. Felvid\u00e9ki Sz\u00e9pm\u0171v\u00e9szeti Bienn\u00e1le<\/a><\/li>\n<li><a class=\"wp-block-latest-posts__post-title\" href=\"https:\/\/artofkrsnak.hu\/?p=3470\">\u00c1llapotfelm\u00e9r\u00e9s_P\u00e9cs|2019_ megh\u00edv\u00f3<\/a><\/li>\n<li><a class=\"wp-block-latest-posts__post-title\" href=\"https:\/\/artofkrsnak.hu\/?p=3439\">Mag\u00e1n\u00e9let<\/a><\/li>\n<\/ul>","protected":false},"excerpt":{"rendered":"","protected":false},"author":1,"featured_media":3447,"parent":0,"menu_order":0,"comment_status":"closed","ping_status":"closed","template":"","meta":{"_monsterinsights_skip_tracking":false,"_monsterinsights_sitenote_active":false,"_monsterinsights_sitenote_note":"","_monsterinsights_sitenote_category":0,"_vp_format_video_url":"","_vp_image_focal_point":[],"footnotes":""},"class_list":["post-11","page","type-page","status-publish","has-post-thumbnail","hentry"],"_links":{"self":[{"href":"https:\/\/artofkrsnak.hu\/index.php?rest_route=\/wp\/v2\/pages\/11","targetHints":{"allow":["GET"]}}],"collection":[{"href":"https:\/\/artofkrsnak.hu\/index.php?rest_route=\/wp\/v2\/pages"}],"about":[{"href":"https:\/\/artofkrsnak.hu\/index.php?rest_route=\/wp\/v2\/types\/page"}],"author":[{"embeddable":true,"href":"https:\/\/artofkrsnak.hu\/index.php?rest_route=\/wp\/v2\/users\/1"}],"replies":[{"embeddable":true,"href":"https:\/\/artofkrsnak.hu\/index.php?rest_route=%2Fwp%2Fv2%2Fcomments&post=11"}],"version-history":[{"count":5,"href":"https:\/\/artofkrsnak.hu\/index.php?rest_route=\/wp\/v2\/pages\/11\/revisions"}],"predecessor-version":[{"id":3509,"href":"https:\/\/artofkrsnak.hu\/index.php?rest_route=\/wp\/v2\/pages\/11\/revisions\/3509"}],"wp:featuredmedia":[{"embeddable":true,"href":"https:\/\/artofkrsnak.hu\/index.php?rest_route=\/wp\/v2\/media\/3447"}],"wp:attachment":[{"href":"https:\/\/artofkrsnak.hu\/index.php?rest_route=%2Fwp%2Fv2%2Fmedia&parent=11"}],"curies":[{"name":"wp","href":"https:\/\/api.w.org\/{rel}","templated":true}]}}